{"id":2086,"date":"2021-08-03T10:02:57","date_gmt":"2021-08-03T14:02:57","guid":{"rendered":"https:\/\/parcdeschutes.com\/regulations\/"},"modified":"2021-08-03T10:02:58","modified_gmt":"2021-08-03T14:02:58","slug":"regulations","status":"publish","type":"page","link":"https:\/\/parcdeschutes.com\/en\/regulations\/","title":{"rendered":"Regulations"},"content":{"rendered":"\t\t<div data-elementor-type=\"wp-page\" data-elementor-id=\"2086\" class=\"elementor elementor-2086 elementor-1984\" data-elementor-post-type=\"page\">\n\t\t\t\t\t\t<section class=\"elementor-section elementor-top-section elementor-element elementor-element-42ca0b1 elementor-section-boxed elementor-section-height-default elementor-section-height-default\" data-id=\"42ca0b1\" data-element_type=\"section\" data-e-type=\"section\">\n\t\t\t\t\t\t<div class=\"elementor-container elementor-column-gap-default\">\n\t\t\t\t\t<div class=\"elementor-column elementor-col-100 elementor-top-column elementor-element elementor-element-8117799\" data-id=\"8117799\" data-element_type=\"column\" data-e-type=\"column\">\n\t\t\t<div class=\"elementor-widget-wrap\">\n\t\t\t\t\t\t\t<\/div>\n\t\t<\/div>\n\t\t\t\t\t<\/div>\n\t\t<\/section>\n\t\t\t\t<section class=\"elementor-section elementor-top-section elementor-element elementor-element-de99e1d elementor-section-boxed elementor-section-height-default elementor-section-height-default\" data-id=\"de99e1d\" data-element_type=\"section\" data-e-type=\"section\">\n\t\t\t\t\t\t<div class=\"elementor-container elementor-column-gap-default\">\n\t\t\t\t\t<div class=\"elementor-column elementor-col-100 elementor-top-column elementor-element elementor-element-e48c3a4\" data-id=\"e48c3a4\" data-element_type=\"column\" data-e-type=\"column\">\n\t\t\t<div class=\"elementor-widget-wrap elementor-element-populated\">\n\t\t\t\t\t\t<div class=\"elementor-element elementor-element-bfe84fb elementor-widget elementor-widget-text-editor\" data-id=\"bfe84fb\" data-element_type=\"widget\" data-e-type=\"widget\" data-widget_type=\"text-editor.default\">\n\t\t\t\t<div class=\"elementor-widget-container\">\n\t\t\t\t\t\t\t\t\t<p><a href=\"https:\/\/parcdeschutes.com\/wp-content\/uploads\/2021\/07\/r016-2020-reglement-pratique-activite-plein-air.pdf\">R016-2020 R\u00e8glements du parc<\/a><\/p>\n<p><a href=\"https:\/\/parcdeschutes.com\/wp-content\/uploads\/2021\/07\/regl-version-refondue-507-2008-535-2011-594-2018-paix-et-ordre-ste-melanie.pdf\">R\u00e8glements Sainte-M\u00e9lanie<\/a><\/p>\n<p><a href=\"https:\/\/parcdeschutes.com\/wp-content\/uploads\/2021\/07\/reglement-198-2018-107-nuisance-paix-et-ordre-applicable-par-la-sq-ste-beatrix.pdf\">R\u00e8glements SQ Sainte-B\u00e9atrix<\/a><\/p>\n<p>\u00a0<\/p>\n\t\t\t\t\t\t\t\t<\/div>\n\t\t\t\t<\/div>\n\t\t\t\t\t<\/div>\n\t\t<\/div>\n\t\t\t\t\t<\/div>\n\t\t<\/section>\n\t\t\t\t<\/div>\n\t\t","protected":false},"excerpt":{"rendered":"<p>R016-2020 R\u00e8glements du parc R\u00e8glements Sainte-M\u00e9lanie R\u00e8glements SQ Sainte-B\u00e9atrix \u00a0<\/p>\n","protected":false},"author":5,"featured_media":0,"parent":0,"menu_order":0,"comment_status":"closed","ping_status":"closed","template":"","meta":{"_acf_changed":false,"inline_featured_image":false,"footnotes":""},"class_list":["post-2086","page","type-page","status-publish"],"acf":[],"yoast_head":"<!-- This site is optimized with the Yoast SEO plugin v27.6 - https:\/\/yoast.com\/product\/yoast-seo-wordpress\/ -->\n<title>Regulations - Parc des chutes<\/title>\n<meta name=\"robots\" content=\"index, follow, max-snippet:-1, max-image-preview:large, max-video-preview:-1\" \/>\n<link rel=\"canonical\" href=\"https:\/\/parcdeschutes.com\/en\/regulations\/\" \/>\n<meta property=\"og:locale\" content=\"en_US\" \/>\n<meta property=\"og:type\" content=\"article\" \/>\n<meta property=\"og:title\" content=\"Regulations - Parc des chutes\" \/>\n<meta property=\"og:description\" content=\"R016-2020 R\u00e8glements du parc R\u00e8glements Sainte-M\u00e9lanie R\u00e8glements SQ Sainte-B\u00e9atrix \u00a0\" \/>\n<meta property=\"og:url\" content=\"https:\/\/parcdeschutes.com\/en\/regulations\/\" \/>\n<meta property=\"og:site_name\" content=\"Parc des chutes\" \/>\n<meta property=\"article:modified_time\" content=\"2021-08-03T14:02:58+00:00\" \/>\n<meta name=\"twitter:card\" content=\"summary_large_image\" \/>\n<script type=\"application\/ld+json\" class=\"yoast-schema-graph\">{\"@context\":\"https:\\\/\\\/schema.org\",\"@graph\":[{\"@type\":\"WebPage\",\"@id\":\"https:\\\/\\\/parcdeschutes.com\\\/en\\\/regulations\\\/\",\"url\":\"https:\\\/\\\/parcdeschutes.com\\\/en\\\/regulations\\\/\",\"name\":\"Regulations - Parc des chutes\",\"isPartOf\":{\"@id\":\"https:\\\/\\\/parcdeschutes.com\\\/en\\\/#website\"},\"datePublished\":\"2021-08-03T14:02:57+00:00\",\"dateModified\":\"2021-08-03T14:02:58+00:00\",\"breadcrumb\":{\"@id\":\"https:\\\/\\\/parcdeschutes.com\\\/en\\\/regulations\\\/#breadcrumb\"},\"inLanguage\":\"en-US\",\"potentialAction\":[{\"@type\":\"ReadAction\",\"target\":[\"https:\\\/\\\/parcdeschutes.com\\\/en\\\/regulations\\\/\"]}]},{\"@type\":\"BreadcrumbList\",\"@id\":\"https:\\\/\\\/parcdeschutes.com\\\/en\\\/regulations\\\/#breadcrumb\",\"itemListElement\":[{\"@type\":\"ListItem\",\"position\":1,\"name\":\"Home\",\"item\":\"https:\\\/\\\/parcdeschutes.com\\\/en\\\/\"},{\"@type\":\"ListItem\",\"position\":2,\"name\":\"Regulations\"}]},{\"@type\":\"WebSite\",\"@id\":\"https:\\\/\\\/parcdeschutes.com\\\/en\\\/#website\",\"url\":\"https:\\\/\\\/parcdeschutes.com\\\/en\\\/\",\"name\":\"Parc des chutes\",\"description\":\"\",\"publisher\":{\"@id\":\"https:\\\/\\\/parcdeschutes.com\\\/en\\\/#organization\"},\"potentialAction\":[{\"@type\":\"SearchAction\",\"target\":{\"@type\":\"EntryPoint\",\"urlTemplate\":\"https:\\\/\\\/parcdeschutes.com\\\/en\\\/?s={search_term_string}\"},\"query-input\":{\"@type\":\"PropertyValueSpecification\",\"valueRequired\":true,\"valueName\":\"search_term_string\"}}],\"inLanguage\":\"en-US\"},{\"@type\":\"Organization\",\"@id\":\"https:\\\/\\\/parcdeschutes.com\\\/en\\\/#organization\",\"name\":\"Parc des chutes\",\"url\":\"https:\\\/\\\/parcdeschutes.com\\\/en\\\/\",\"logo\":{\"@type\":\"ImageObject\",\"inLanguage\":\"en-US\",\"@id\":\"https:\\\/\\\/parcdeschutes.com\\\/en\\\/#\\\/schema\\\/logo\\\/image\\\/\",\"url\":\"https:\\\/\\\/parcdeschutes.com\\\/wp-content\\\/uploads\\\/2022\\\/09\\\/pdc-logo-2022-couleurs-v3.jpg\",\"contentUrl\":\"https:\\\/\\\/parcdeschutes.com\\\/wp-content\\\/uploads\\\/2022\\\/09\\\/pdc-logo-2022-couleurs-v3.jpg\",\"width\":1000,\"height\":455,\"caption\":\"Parc des chutes\"},\"image\":{\"@id\":\"https:\\\/\\\/parcdeschutes.com\\\/en\\\/#\\\/schema\\\/logo\\\/image\\\/\"}}]}<\/script>\n<!-- \/ Yoast SEO plugin. -->","yoast_head_json":{"title":"Regulations - Parc des chutes","robots":{"index":"index","follow":"follow","max-snippet":"max-snippet:-1","max-image-preview":"max-image-preview:large","max-video-preview":"max-video-preview:-1"},"canonical":"https:\/\/parcdeschutes.com\/en\/regulations\/","og_locale":"en_US","og_type":"article","og_title":"Regulations - Parc des chutes","og_description":"R016-2020 R\u00e8glements du parc R\u00e8glements Sainte-M\u00e9lanie R\u00e8glements SQ Sainte-B\u00e9atrix \u00a0","og_url":"https:\/\/parcdeschutes.com\/en\/regulations\/","og_site_name":"Parc des chutes","article_modified_time":"2021-08-03T14:02:58+00:00","twitter_card":"summary_large_image","schema":{"@context":"https:\/\/schema.org","@graph":[{"@type":"WebPage","@id":"https:\/\/parcdeschutes.com\/en\/regulations\/","url":"https:\/\/parcdeschutes.com\/en\/regulations\/","name":"Regulations - Parc des chutes","isPartOf":{"@id":"https:\/\/parcdeschutes.com\/en\/#website"},"datePublished":"2021-08-03T14:02:57+00:00","dateModified":"2021-08-03T14:02:58+00:00","breadcrumb":{"@id":"https:\/\/parcdeschutes.com\/en\/regulations\/#breadcrumb"},"inLanguage":"en-US","potentialAction":[{"@type":"ReadAction","target":["https:\/\/parcdeschutes.com\/en\/regulations\/"]}]},{"@type":"BreadcrumbList","@id":"https:\/\/parcdeschutes.com\/en\/regulations\/#breadcrumb","itemListElement":[{"@type":"ListItem","position":1,"name":"Home","item":"https:\/\/parcdeschutes.com\/en\/"},{"@type":"ListItem","position":2,"name":"Regulations"}]},{"@type":"WebSite","@id":"https:\/\/parcdeschutes.com\/en\/#website","url":"https:\/\/parcdeschutes.com\/en\/","name":"Parc des chutes","description":"","publisher":{"@id":"https:\/\/parcdeschutes.com\/en\/#organization"},"potentialAction":[{"@type":"SearchAction","target":{"@type":"EntryPoint","urlTemplate":"https:\/\/parcdeschutes.com\/en\/?s={search_term_string}"},"query-input":{"@type":"PropertyValueSpecification","valueRequired":true,"valueName":"search_term_string"}}],"inLanguage":"en-US"},{"@type":"Organization","@id":"https:\/\/parcdeschutes.com\/en\/#organization","name":"Parc des chutes","url":"https:\/\/parcdeschutes.com\/en\/","logo":{"@type":"ImageObject","inLanguage":"en-US","@id":"https:\/\/parcdeschutes.com\/en\/#\/schema\/logo\/image\/","url":"https:\/\/parcdeschutes.com\/wp-content\/uploads\/2022\/09\/pdc-logo-2022-couleurs-v3.jpg","contentUrl":"https:\/\/parcdeschutes.com\/wp-content\/uploads\/2022\/09\/pdc-logo-2022-couleurs-v3.jpg","width":1000,"height":455,"caption":"Parc des chutes"},"image":{"@id":"https:\/\/parcdeschutes.com\/en\/#\/schema\/logo\/image\/"}}]}},"_links":{"self":[{"href":"https:\/\/parcdeschutes.com\/en\/wp-json\/wp\/v2\/pages\/2086","targetHints":{"allow":["GET"]}}],"collection":[{"href":"https:\/\/parcdeschutes.com\/en\/wp-json\/wp\/v2\/pages"}],"about":[{"href":"https:\/\/parcdeschutes.com\/en\/wp-json\/wp\/v2\/types\/page"}],"author":[{"embeddable":true,"href":"https:\/\/parcdeschutes.com\/en\/wp-json\/wp\/v2\/users\/5"}],"replies":[{"embeddable":true,"href":"https:\/\/parcdeschutes.com\/en\/wp-json\/wp\/v2\/comments?post=2086"}],"version-history":[{"count":3,"href":"https:\/\/parcdeschutes.com\/en\/wp-json\/wp\/v2\/pages\/2086\/revisions"}],"predecessor-version":[{"id":2089,"href":"https:\/\/parcdeschutes.com\/en\/wp-json\/wp\/v2\/pages\/2086\/revisions\/2089"}],"wp:attachment":[{"href":"https:\/\/parcdeschutes.com\/en\/wp-json\/wp\/v2\/media?parent=2086"}],"curies":[{"name":"wp","href":"https:\/\/api.w.org\/{rel}","templated":true}]}}