{"id":273,"date":"2020-07-10T10:00:56","date_gmt":"2020-07-10T14:00:56","guid":{"rendered":"https:\/\/parcdeschutes.enconstruction.website\/history-of-the-park\/"},"modified":"2021-06-03T15:15:28","modified_gmt":"2021-06-03T19:15:28","slug":"history-of-the-park","status":"publish","type":"page","link":"https:\/\/parcdeschutes.com\/en\/history-of-the-park\/","title":{"rendered":"History of the park"},"content":{"rendered":"\t\t<div data-elementor-type=\"wp-page\" data-elementor-id=\"273\" class=\"elementor elementor-273 elementor-24\" data-elementor-post-type=\"page\">\n\t\t\t\t\t\t<section class=\"elementor-section elementor-top-section elementor-element elementor-element-228ce50e elementor-section-boxed elementor-section-height-default elementor-section-height-default\" data-id=\"228ce50e\" data-element_type=\"section\" data-e-type=\"section\" data-settings=\"{&quot;background_background&quot;:&quot;classic&quot;}\">\n\t\t\t\t\t\t<div class=\"elementor-container elementor-column-gap-default\">\n\t\t\t\t\t<div class=\"elementor-column elementor-col-100 elementor-top-column elementor-element elementor-element-24e8a7b0\" data-id=\"24e8a7b0\" data-element_type=\"column\" data-e-type=\"column\">\n\t\t\t<div class=\"elementor-widget-wrap elementor-element-populated\">\n\t\t\t\t\t\t<div class=\"elementor-element elementor-element-55eaaef1 elementor-widget elementor-widget-heading\" data-id=\"55eaaef1\" data-element_type=\"widget\" data-e-type=\"widget\" data-widget_type=\"heading.default\">\n\t\t\t\t<div class=\"elementor-widget-container\">\n\t\t\t\t\t<h2 class=\"elementor-heading-title elementor-size-default\"><span>DID YOU KNOW THAT\u2026 <\/span><\/h2>\t\t\t\t<\/div>\n\t\t\t\t<\/div>\n\t\t\t\t<div class=\"elementor-element elementor-element-33d67ad8 elementor-widget elementor-widget-heading\" data-id=\"33d67ad8\" data-element_type=\"widget\" data-e-type=\"widget\" data-widget_type=\"heading.default\">\n\t\t\t\t<div class=\"elementor-widget-container\">\n\t\t\t\t\t<h2 class=\"elementor-heading-title elementor-size-default\">THE MONTE-\u00c0-PEINE FALL TAKES ITS NAME FROM THE COLONIZATION PERIOD?<\/h2>\t\t\t\t<\/div>\n\t\t\t\t<\/div>\n\t\t\t\t<div class=\"elementor-element elementor-element-5b6e580 elementor-widget elementor-widget-text-editor\" data-id=\"5b6e580\" data-element_type=\"widget\" data-e-type=\"widget\" data-widget_type=\"text-editor.default\">\n\t\t\t\t<div class=\"elementor-widget-container\">\n\t\t\t\t\t\t\t\t\t<p>Long before being a tourist attraction and a place of relaxation, the site of the Monte-\u00e0-Peine waterfall was, at the beginning of the century, a natural constraint for travelers and residents of the surrounding area. The fall was an impassable obstacle by waterway and therefore an obligatory portage place. Ground transportation was hardly easier. At the beginning of the 20th century, to get to the neighboring village of Saint-F\u00e9lix-de-Valois, the inhabitants of Sainte-B\u00e9atrix and Sainte-M\u00e9lanie were forced to take the Chemin de la Chute, a road with several steep slopes. As this path was not really suitable for vehicles, travelers had to climb it on foot, painfully carrying luggage and provisions on their backs. Also, it was given the name of C\u00f4te Monte-\u00e0-Peine. By extension, the expression was then used to refer to the fall itself and its multiple veils. In regional usage, we also hear a distorted version of the name: Montapel.<\/p>\n\t\t\t\t\t\t\t\t<\/div>\n\t\t\t\t<\/div>\n\t\t\t\t\t<\/div>\n\t\t<\/div>\n\t\t\t\t\t<\/div>\n\t\t<\/section>\n\t\t\t\t<section class=\"elementor-section elementor-top-section elementor-element elementor-element-7b316d77 elementor-reverse-mobile elementor-reverse-tablet elementor-section-boxed elementor-section-height-default elementor-section-height-default\" data-id=\"7b316d77\" data-element_type=\"section\" data-e-type=\"section\" data-settings=\"{&quot;background_background&quot;:&quot;classic&quot;}\">\n\t\t\t\t\t\t<div class=\"elementor-container elementor-column-gap-default\">\n\t\t\t\t\t<div class=\"elementor-column elementor-col-100 elementor-top-column elementor-element elementor-element-23e0b973\" data-id=\"23e0b973\" data-element_type=\"column\" data-e-type=\"column\">\n\t\t\t<div class=\"elementor-widget-wrap elementor-element-populated\">\n\t\t\t\t\t\t<div class=\"elementor-element elementor-element-7b9311c1 elementor-widget elementor-widget-heading\" data-id=\"7b9311c1\" data-element_type=\"widget\" data-e-type=\"widget\" data-widget_type=\"heading.default\">\n\t\t\t\t<div class=\"elementor-widget-container\">\n\t\t\t\t\t<h2 class=\"elementor-heading-title elementor-size-default\">MAJOR WORK SHAPED THE RIVER BED IN 1889?<\/h2>\t\t\t\t<\/div>\n\t\t\t\t<\/div>\n\t\t\t\t<div class=\"elementor-element elementor-element-4679ad8c elementor-widget elementor-widget-text-editor\" data-id=\"4679ad8c\" data-element_type=\"widget\" data-e-type=\"widget\" data-widget_type=\"text-editor.default\">\n\t\t\t\t<div class=\"elementor-widget-container\">\n\t\t\t\t\t\t\t\t\t<p>In October 1885, Father Provost bought a piece of land of 123 arpents, partly located in the territory of the park, which ran along the L\u2019Assomption river and reached its southwestern limit at the level of the Noire river. He pays a &#8220;committed man&#8221;, who will live there with his family to take care of the animals and cultivate the land. He quickly noticed that the significant spring floods of the L&#8217;Assomption River, aggravated by the ice jams formed by the floating logs at the top of the Chute Monte-\u00e0-Peine, inundated his land and caused significant damage. In 1889, therefore, he obtained a grant of $ 3,500 from the Federal Ministry of Public Works for carrying out various &#8220;corrective&#8221; works. Here is his description: &#8220;These works were first of all the mining of the foot of the stone island which is at the head of the fall, and of which the high curvature of eight to nine feet barred a part. considerable length of the western channel. I then had a very high point of land cut, on the east side, which projected at least forty feet into the river, and which was about to join the head of the aforementioned stone islet, leaving only a small, very narrow channel (\u2026). I had the earth raised from this point, mine the pebbles and large rocks that you could not get rid of otherwise, I also had a strip mined at the point of the island and we now have a beautiful straight channel and rapid in which water and logs will pass without hindrance. &#8220;2 (Th\u00e9ophile-Stanislas Provost. 1890. (Cited in a document compiled and annotated by historian Daniel Tessier: T.-S. Provost. 1993. Collection &#8211; texts 1860-1904. \u00c9ditions d\u00b4Orph\u00e9e).<\/p>\n\t\t\t\t\t\t\t\t<\/div>\n\t\t\t\t<\/div>\n\t\t\t\t\t<\/div>\n\t\t<\/div>\n\t\t\t\t\t<\/div>\n\t\t<\/section>\n\t\t\t\t<section class=\"elementor-section elementor-top-section elementor-element elementor-element-69419396 elementor-section-boxed elementor-section-height-default elementor-section-height-default\" data-id=\"69419396\" data-element_type=\"section\" data-e-type=\"section\">\n\t\t\t\t\t\t<div class=\"elementor-container elementor-column-gap-default\">\n\t\t\t\t\t<div class=\"elementor-column elementor-col-100 elementor-top-column elementor-element elementor-element-405d204f\" data-id=\"405d204f\" data-element_type=\"column\" data-e-type=\"column\">\n\t\t\t<div class=\"elementor-widget-wrap elementor-element-populated\">\n\t\t\t\t\t\t<div class=\"elementor-element elementor-element-7de47a61 elementor-widget elementor-widget-heading\" data-id=\"7de47a61\" data-element_type=\"widget\" data-e-type=\"widget\" data-widget_type=\"heading.default\">\n\t\t\t\t<div class=\"elementor-widget-container\">\n\t\t\t\t\t<h2 class=\"elementor-heading-title elementor-size-default\">SEVERAL REASONS EXPLAIN THE PLANT POPULATIONS OF THE PARK?<\/h2>\t\t\t\t<\/div>\n\t\t\t\t<\/div>\n\t\t\t\t<div class=\"elementor-element elementor-element-125b460c elementor-widget elementor-widget-text-editor\" data-id=\"125b460c\" data-element_type=\"widget\" data-e-type=\"widget\" data-widget_type=\"text-editor.default\">\n\t\t\t\t<div class=\"elementor-widget-container\">\n\t\t\t\t\t\t\t\t\t<p>The Parc des Chutes-Monte-\u00e0-Peine-et-des-Dalles overlaps the \u00c9rabli\u00e8re \u00e0 tilleurl and \u00c9rabli\u00e8re \u00e0 bouleau jaune domains. These stands are characteristic of the overall landscape of the region given its latitude, climatic conditions (temperature, degree of sunshine, quantity, frequency and nature of precipitation, etc.) and edaphic (nature and texture of the soil, drainage, pH , etc.) and the regime of natural disturbances (fires, windfall, insects epidemics, etc.) that prevail there. However, as you may have already noticed during your visit, these typical plant associations are not very present in the park where mixed groups are most frequent. This situation is due to the origin of the forest stands in the park resulting from the abandonment of fields and logging, but also to environmental factors moderatly associated that create specific conditions at the site level. These are, in particular, the nature and texture of the ground, topography, drainage and the orientation of the land in relation to the sun and the prevailing winds. Thus, the type of plant stand may differ depending on whether it is located in a depression where water accumulates regularly, on a steep slope with thin ground and excessive drainage, or on the top of a mountain, exposed to severe weather. These various plant populations are home to a variety of fauna which find food, drink, reproduce and shelter in the habitats represented by these plant groups. The wildlife inventory of the Parc des Chutes Monte-\u00e0-Peine-et-des-Dalles conducted in 2005 revealed that the park is home to no less than 124 species of wild animals, including 10 kinds of amphibians, 6 species of reptiles, 82 species of birds (including 8 birds of prey and 18 warblers) and 26 species of mammals (including beaver, white-tailed deer and several small rodents). Of the 124 listed wildlife species, 6 species are in a precarious situation in Quebec.<\/p>\n\t\t\t\t\t\t\t\t<\/div>\n\t\t\t\t<\/div>\n\t\t\t\t\t<\/div>\n\t\t<\/div>\n\t\t\t\t\t<\/div>\n\t\t<\/section>\n\t\t\t\t<section class=\"elementor-section elementor-top-section elementor-element elementor-element-6cb55bb0 elementor-reverse-tablet elementor-reverse-mobile elementor-section-boxed elementor-section-height-default elementor-section-height-default\" data-id=\"6cb55bb0\" data-element_type=\"section\" data-e-type=\"section\" data-settings=\"{&quot;background_background&quot;:&quot;classic&quot;}\">\n\t\t\t\t\t\t<div class=\"elementor-container elementor-column-gap-default\">\n\t\t\t\t\t<div class=\"elementor-column elementor-col-100 elementor-top-column elementor-element elementor-element-632d2abc\" data-id=\"632d2abc\" data-element_type=\"column\" data-e-type=\"column\">\n\t\t\t<div class=\"elementor-widget-wrap elementor-element-populated\">\n\t\t\t\t\t\t<div class=\"elementor-element elementor-element-7472de3f elementor-widget elementor-widget-heading\" data-id=\"7472de3f\" data-element_type=\"widget\" data-e-type=\"widget\" data-widget_type=\"heading.default\">\n\t\t\t\t<div class=\"elementor-widget-container\">\n\t\t\t\t\t<h2 class=\"elementor-heading-title elementor-size-default\">MAJOR WORK SHAPED THE RIVER BED IN 1889?<\/h2>\t\t\t\t<\/div>\n\t\t\t\t<\/div>\n\t\t\t\t<div class=\"elementor-element elementor-element-18efa5cc elementor-widget elementor-widget-text-editor\" data-id=\"18efa5cc\" data-element_type=\"widget\" data-e-type=\"widget\" data-widget_type=\"text-editor.default\">\n\t\t\t\t<div class=\"elementor-widget-container\">\n\t\t\t\t\t\t\t\t\t<p>FNLPs refer to products of biological origin other than wood, obtained from forests. These are food products extracted from the forest, such as maple syrup, wild blueberries or wild mushrooms, ornamental products taken from the forest, such as species useful in horticulture or decorative products such as Christmas wreaths, and substances extracted from forest plants used in the manufacture of pharmaceuticals and personal hygiene products, such as Taxol or essential oils from conifers. The value of FNLPs to the Canadian economy is in the billions of dollars! The Lanaudi\u00e8re region, in order to supervise this nascent industry, a Working Table for the development of non-timber forest products was created in 2012, following a mobilization of stakeholders wishing to support the emergence of agroforestry sector. Regional players involved in the development of the agroforestry sector consider that Lanaudi\u00e8re has unique value products. In particular, sensitive and vulnerable species must be protected. Thus, training for gatherers and entrepreneurs are offered to guide the industry. Protecting the resource and habitat The Chutes Monte-\u00e0-Peine-et-des-Dalles Park is a unique place to discover and observe FNLPs. However, remember that it is forbidden to harvest all or part of the plants, mushrooms and other components of the natural environment found in the park.<\/p>\n\t\t\t\t\t\t\t\t<\/div>\n\t\t\t\t<\/div>\n\t\t\t\t\t<\/div>\n\t\t<\/div>\n\t\t\t\t\t<\/div>\n\t\t<\/section>\n\t\t\t\t<section class=\"elementor-section elementor-top-section elementor-element elementor-element-23bd1c47 elementor-section-boxed elementor-section-height-default elementor-section-height-default\" data-id=\"23bd1c47\" data-element_type=\"section\" data-e-type=\"section\">\n\t\t\t\t\t\t<div class=\"elementor-container elementor-column-gap-default\">\n\t\t\t\t\t<div class=\"elementor-column elementor-col-100 elementor-top-column elementor-element elementor-element-c0aa006\" data-id=\"c0aa006\" data-element_type=\"column\" data-e-type=\"column\">\n\t\t\t<div class=\"elementor-widget-wrap elementor-element-populated\">\n\t\t\t\t\t\t<div class=\"elementor-element elementor-element-736cd7e6 elementor-widget elementor-widget-heading\" data-id=\"736cd7e6\" data-element_type=\"widget\" data-e-type=\"widget\" data-widget_type=\"heading.default\">\n\t\t\t\t<div class=\"elementor-widget-container\">\n\t\t\t\t\t<h2 class=\"elementor-heading-title elementor-size-default\">A LEGEND ABOUT THE CREATION OF THE L\u2019ASSOMPTION RIVER?<\/h2>\t\t\t\t<\/div>\n\t\t\t\t<\/div>\n\t\t\t\t<div class=\"elementor-element elementor-element-78e54b82 elementor-widget elementor-widget-text-editor\" data-id=\"78e54b82\" data-element_type=\"widget\" data-e-type=\"widget\" data-widget_type=\"text-editor.default\">\n\t\t\t\t<div class=\"elementor-widget-container\">\n\t\t\t\t\t\t\t\t\t<p>A legend states that, a long time ago, an Indian left his village on the riverside to go hunting in the north, with his canoe. After several days, he had traversed many lakes and rivers, carried out portages and crossed lands and mountains; he had thus found himself very far from his village. Feeling tired, he decided to go home. However, he was disheartened at the perspective of having to go all the way back. In his despair, he cried out that he would be willing to give his soul to find a river that would bring him back to the river. Then, he lay down and fell asleep. In his sleep, the devil appeared to him and told him that, when he would wake up, he would find a river that would open for him as he goes on his journey. In return, once he rould reach his destination, the Indian would belong to him. The next day, the Indian did find the promised river and entered it. However, remembering that he had to give his soul to the devil when he would get home, he began to zigzag left and right to take time to think about it. It is said that he made his way to the river &#8230; but that no one ever saw him again. This is how the course of the l&#8217;Assomption River would have been traced. 1 Legend reported by Marcel Ducharme: R\u00e9jean Olivier and Anne Le Blanc (editors). 1997 Legends of Lanaudi\u00e8re. Private edition. (Distribution: Lanaudi\u00e8re Regional Archives Center, L\u2019Assomption (Quebec).<\/p>\n\t\t\t\t\t\t\t\t<\/div>\n\t\t\t\t<\/div>\n\t\t\t\t\t<\/div>\n\t\t<\/div>\n\t\t\t\t\t<\/div>\n\t\t<\/section>\n\t\t\t\t<\/div>\n\t\t","protected":false},"excerpt":{"rendered":"<p>DID YOU KNOW THAT\u2026 THE MONTE-\u00c0-PEINE FALL TAKES ITS NAME FROM THE COLONIZATION PERIOD? Long before being a tourist attraction and a place of relaxation, the site of the Monte-\u00e0-Peine waterfall was, at the beginning of the century, a natural constraint for travelers and residents of the surrounding area. The fall was an impassable obstacle &#8230; <a title=\"History of the park\" class=\"read-more\" href=\"https:\/\/parcdeschutes.com\/en\/history-of-the-park\/\" aria-label=\"Read more about History of the park\">Read more<\/a><\/p>\n","protected":false},"author":1,"featured_media":0,"parent":0,"menu_order":4,"comment_status":"closed","ping_status":"closed","template":"elementor_header_footer","meta":{"_acf_changed":false,"inline_featured_image":false,"footnotes":""},"class_list":["post-273","page","type-page","status-publish"],"acf":[],"yoast_head":"<!-- This site is optimized with the Yoast SEO plugin v27.6 - https:\/\/yoast.com\/product\/yoast-seo-wordpress\/ -->\n<title>History of the park - Parc des chutes<\/title>\n<meta name=\"robots\" content=\"index, follow, max-snippet:-1, max-image-preview:large, max-video-preview:-1\" \/>\n<link rel=\"canonical\" href=\"https:\/\/parcdeschutes.com\/en\/history-of-the-park\/\" \/>\n<meta property=\"og:locale\" content=\"en_US\" \/>\n<meta property=\"og:type\" content=\"article\" \/>\n<meta property=\"og:title\" content=\"History of the park - Parc des chutes\" \/>\n<meta property=\"og:description\" content=\"DID YOU KNOW THAT\u2026 THE MONTE-\u00c0-PEINE FALL TAKES ITS NAME FROM THE COLONIZATION PERIOD? Long before being a tourist attraction and a place of relaxation, the site of the Monte-\u00e0-Peine waterfall was, at the beginning of the century, a natural constraint for travelers and residents of the surrounding area. The fall was an impassable obstacle ... Read more\" \/>\n<meta property=\"og:url\" content=\"https:\/\/parcdeschutes.com\/en\/history-of-the-park\/\" \/>\n<meta property=\"og:site_name\" content=\"Parc des chutes\" \/>\n<meta property=\"article:modified_time\" content=\"2021-06-03T19:15:28+00:00\" \/>\n<meta name=\"twitter:card\" content=\"summary_large_image\" \/>\n<meta name=\"twitter:label1\" content=\"Est. reading time\" \/>\n\t<meta name=\"twitter:data1\" content=\"6 minutes\" \/>\n<script type=\"application\/ld+json\" class=\"yoast-schema-graph\">{\"@context\":\"https:\\\/\\\/schema.org\",\"@graph\":[{\"@type\":\"WebPage\",\"@id\":\"https:\\\/\\\/parcdeschutes.com\\\/en\\\/history-of-the-park\\\/\",\"url\":\"https:\\\/\\\/parcdeschutes.com\\\/en\\\/history-of-the-park\\\/\",\"name\":\"History of the park - Parc des chutes\",\"isPartOf\":{\"@id\":\"https:\\\/\\\/parcdeschutes.com\\\/en\\\/#website\"},\"datePublished\":\"2020-07-10T14:00:56+00:00\",\"dateModified\":\"2021-06-03T19:15:28+00:00\",\"breadcrumb\":{\"@id\":\"https:\\\/\\\/parcdeschutes.com\\\/en\\\/history-of-the-park\\\/#breadcrumb\"},\"inLanguage\":\"en-US\",\"potentialAction\":[{\"@type\":\"ReadAction\",\"target\":[\"https:\\\/\\\/parcdeschutes.com\\\/en\\\/history-of-the-park\\\/\"]}]},{\"@type\":\"BreadcrumbList\",\"@id\":\"https:\\\/\\\/parcdeschutes.com\\\/en\\\/history-of-the-park\\\/#breadcrumb\",\"itemListElement\":[{\"@type\":\"ListItem\",\"position\":1,\"name\":\"Home\",\"item\":\"https:\\\/\\\/parcdeschutes.com\\\/en\\\/\"},{\"@type\":\"ListItem\",\"position\":2,\"name\":\"History of the park\"}]},{\"@type\":\"WebSite\",\"@id\":\"https:\\\/\\\/parcdeschutes.com\\\/en\\\/#website\",\"url\":\"https:\\\/\\\/parcdeschutes.com\\\/en\\\/\",\"name\":\"Parc des chutes\",\"description\":\"\",\"publisher\":{\"@id\":\"https:\\\/\\\/parcdeschutes.com\\\/en\\\/#organization\"},\"potentialAction\":[{\"@type\":\"SearchAction\",\"target\":{\"@type\":\"EntryPoint\",\"urlTemplate\":\"https:\\\/\\\/parcdeschutes.com\\\/en\\\/?s={search_term_string}\"},\"query-input\":{\"@type\":\"PropertyValueSpecification\",\"valueRequired\":true,\"valueName\":\"search_term_string\"}}],\"inLanguage\":\"en-US\"},{\"@type\":\"Organization\",\"@id\":\"https:\\\/\\\/parcdeschutes.com\\\/en\\\/#organization\",\"name\":\"Parc des chutes\",\"url\":\"https:\\\/\\\/parcdeschutes.com\\\/en\\\/\",\"logo\":{\"@type\":\"ImageObject\",\"inLanguage\":\"en-US\",\"@id\":\"https:\\\/\\\/parcdeschutes.com\\\/en\\\/#\\\/schema\\\/logo\\\/image\\\/\",\"url\":\"https:\\\/\\\/parcdeschutes.com\\\/wp-content\\\/uploads\\\/2022\\\/09\\\/pdc-logo-2022-couleurs-v3.jpg\",\"contentUrl\":\"https:\\\/\\\/parcdeschutes.com\\\/wp-content\\\/uploads\\\/2022\\\/09\\\/pdc-logo-2022-couleurs-v3.jpg\",\"width\":1000,\"height\":455,\"caption\":\"Parc des chutes\"},\"image\":{\"@id\":\"https:\\\/\\\/parcdeschutes.com\\\/en\\\/#\\\/schema\\\/logo\\\/image\\\/\"}}]}<\/script>\n<!-- \/ Yoast SEO plugin. -->","yoast_head_json":{"title":"History of the park - Parc des chutes","robots":{"index":"index","follow":"follow","max-snippet":"max-snippet:-1","max-image-preview":"max-image-preview:large","max-video-preview":"max-video-preview:-1"},"canonical":"https:\/\/parcdeschutes.com\/en\/history-of-the-park\/","og_locale":"en_US","og_type":"article","og_title":"History of the park - Parc des chutes","og_description":"DID YOU KNOW THAT\u2026 THE MONTE-\u00c0-PEINE FALL TAKES ITS NAME FROM THE COLONIZATION PERIOD? Long before being a tourist attraction and a place of relaxation, the site of the Monte-\u00e0-Peine waterfall was, at the beginning of the century, a natural constraint for travelers and residents of the surrounding area. The fall was an impassable obstacle ... Read more","og_url":"https:\/\/parcdeschutes.com\/en\/history-of-the-park\/","og_site_name":"Parc des chutes","article_modified_time":"2021-06-03T19:15:28+00:00","twitter_card":"summary_large_image","twitter_misc":{"Est. reading time":"6 minutes"},"schema":{"@context":"https:\/\/schema.org","@graph":[{"@type":"WebPage","@id":"https:\/\/parcdeschutes.com\/en\/history-of-the-park\/","url":"https:\/\/parcdeschutes.com\/en\/history-of-the-park\/","name":"History of the park - Parc des chutes","isPartOf":{"@id":"https:\/\/parcdeschutes.com\/en\/#website"},"datePublished":"2020-07-10T14:00:56+00:00","dateModified":"2021-06-03T19:15:28+00:00","breadcrumb":{"@id":"https:\/\/parcdeschutes.com\/en\/history-of-the-park\/#breadcrumb"},"inLanguage":"en-US","potentialAction":[{"@type":"ReadAction","target":["https:\/\/parcdeschutes.com\/en\/history-of-the-park\/"]}]},{"@type":"BreadcrumbList","@id":"https:\/\/parcdeschutes.com\/en\/history-of-the-park\/#breadcrumb","itemListElement":[{"@type":"ListItem","position":1,"name":"Home","item":"https:\/\/parcdeschutes.com\/en\/"},{"@type":"ListItem","position":2,"name":"History of the park"}]},{"@type":"WebSite","@id":"https:\/\/parcdeschutes.com\/en\/#website","url":"https:\/\/parcdeschutes.com\/en\/","name":"Parc des chutes","description":"","publisher":{"@id":"https:\/\/parcdeschutes.com\/en\/#organization"},"potentialAction":[{"@type":"SearchAction","target":{"@type":"EntryPoint","urlTemplate":"https:\/\/parcdeschutes.com\/en\/?s={search_term_string}"},"query-input":{"@type":"PropertyValueSpecification","valueRequired":true,"valueName":"search_term_string"}}],"inLanguage":"en-US"},{"@type":"Organization","@id":"https:\/\/parcdeschutes.com\/en\/#organization","name":"Parc des chutes","url":"https:\/\/parcdeschutes.com\/en\/","logo":{"@type":"ImageObject","inLanguage":"en-US","@id":"https:\/\/parcdeschutes.com\/en\/#\/schema\/logo\/image\/","url":"https:\/\/parcdeschutes.com\/wp-content\/uploads\/2022\/09\/pdc-logo-2022-couleurs-v3.jpg","contentUrl":"https:\/\/parcdeschutes.com\/wp-content\/uploads\/2022\/09\/pdc-logo-2022-couleurs-v3.jpg","width":1000,"height":455,"caption":"Parc des chutes"},"image":{"@id":"https:\/\/parcdeschutes.com\/en\/#\/schema\/logo\/image\/"}}]}},"_links":{"self":[{"href":"https:\/\/parcdeschutes.com\/en\/wp-json\/wp\/v2\/pages\/273","targetHints":{"allow":["GET"]}}],"collection":[{"href":"https:\/\/parcdeschutes.com\/en\/wp-json\/wp\/v2\/pages"}],"about":[{"href":"https:\/\/parcdeschutes.com\/en\/wp-json\/wp\/v2\/types\/page"}],"author":[{"embeddable":true,"href":"https:\/\/parcdeschutes.com\/en\/wp-json\/wp\/v2\/users\/1"}],"replies":[{"embeddable":true,"href":"https:\/\/parcdeschutes.com\/en\/wp-json\/wp\/v2\/comments?post=273"}],"version-history":[{"count":21,"href":"https:\/\/parcdeschutes.com\/en\/wp-json\/wp\/v2\/pages\/273\/revisions"}],"predecessor-version":[{"id":1514,"href":"https:\/\/parcdeschutes.com\/en\/wp-json\/wp\/v2\/pages\/273\/revisions\/1514"}],"wp:attachment":[{"href":"https:\/\/parcdeschutes.com\/en\/wp-json\/wp\/v2\/media?parent=273"}],"curies":[{"name":"wp","href":"https:\/\/api.w.org\/{rel}","templated":true}]}}